{"id":131,"date":"2020-11-04T16:47:58","date_gmt":"2020-11-04T15:47:58","guid":{"rendered":"http:\/\/cap-ferret-location-maison.com\/?page_id=131"},"modified":"2023-07-03T17:12:37","modified_gmt":"2023-07-03T15:12:37","slug":"decouvrir-le-bassin","status":"publish","type":"page","link":"https:\/\/cap-ferret-location-maison.com\/index.php\/decouvrir-le-bassin\/","title":{"rendered":"D\u00e9couvrir le bassin"},"content":{"rendered":"\n<figure class=\"wp-block-image alignfull size-large\"><img loading=\"lazy\" width=\"1024\" height=\"419\" src=\"http:\/\/cap-ferret-location-maison.com\/wp-content\/uploads\/2020\/11\/Capture-decran-2020-11-04-a-16.46.21-1024x419.png\" alt=\"\" class=\"wp-image-132\" srcset=\"https:\/\/cap-ferret-location-maison.com\/wp-content\/uploads\/2020\/11\/Capture-decran-2020-11-04-a-16.46.21-1024x419.png 1024w, https:\/\/cap-ferret-location-maison.com\/wp-content\/uploads\/2020\/11\/Capture-decran-2020-11-04-a-16.46.21-300x123.png 300w, https:\/\/cap-ferret-location-maison.com\/wp-content\/uploads\/2020\/11\/Capture-decran-2020-11-04-a-16.46.21-768x314.png 768w, https:\/\/cap-ferret-location-maison.com\/wp-content\/uploads\/2020\/11\/Capture-decran-2020-11-04-a-16.46.21-1536x628.png 1536w, https:\/\/cap-ferret-location-maison.com\/wp-content\/uploads\/2020\/11\/Capture-decran-2020-11-04-a-16.46.21-2048x838.png 2048w\" sizes=\"(max-width: 1024px) 100vw, 1024px\" \/><\/figure>\n\n\n\n<p class=\"has-text-align-center\">&nbsp;&nbsp; Les promenades en bateau de location sur le bassin sont un incontournable pour d\u00e9couvrir les bancs d\u2019Arguin, la dune du Pyla, l&#8217;\u00eele aux Oiseaux et ses cabanes tchanqu\u00e9es; se perdre (sans s&#8217;\u00e9chouer !) au fond du Bassin et m\u00eame aller jusqu&#8217;\u00e0 remonter la Leyre.<\/p>\n\n\n\n<p class=\"has-text-align-center\">Si vous avez votre permis c\u00f4tier ou hauturier :&nbsp;<\/p>\n\n\n\n<p class=\"has-text-align-center\">&nbsp;&nbsp; Batolocap : 06 87 78 10 40<\/p>\n\n\n\n<p class=\"has-text-align-center\">Bat Marine : 05 56 60 19 79<\/p>\n\n\n\n<p class=\"has-text-align-center\">Sans permis avec skipper :&nbsp;<\/p>\n\n\n\n<p class=\"has-text-align-center\">&nbsp;Bateau taxi du Ferret : 06 64 04 04 01&nbsp;<\/p>\n\n\n\n<p class=\"has-text-align-center\">Les bateaux typiques du bassin :&nbsp;<\/p>\n\n\n\n<p class=\"has-text-align-center\">Pinasses du Bassin : 06 88 08 32 94 \/ <a href=\"http:\/\/www.pinasse-bassin-arcachon.com\">www.pinasse-bassin-arcachon.com<\/a>,`<\/p>\n\n\n\n<p class=\"has-text-align-center\">Ou louez votre chaland et partez d\u00e9couvrir le bassin.&nbsp; Avec l\u2019aide d\u2019un skipper-marin ou non, partez admirer le paysage et profiter du coucher du soleil, sur le bateau typique des ostr\u00e9iculteurs.<\/p>\n\n\n\n<p class=\"has-text-align-center\">Balade sur chaland : +33 6 58 82 27 57<\/p>\n\n\n\n<p class=\"has-text-align-center\">\u00a0\u00a0 \u00a0 Email : <a href=\"mailto:baladesurchaland@gmail.com\">baladesurchaland@gmail.com<\/a><\/p>\n\n\n\n<p class=\"has-text-align-center\">&nbsp;Pyla Yatching : location de bateaux haut de gamme : +33 5 24 19 68 21 : \u00e0 partir de 400 \u20ac<\/p>\n\n\n\n<p class=\"has-text-align-center\">Le Speranza : location d\u2019un bateau familial : + 33 6 45 88 98 60 : \u00e0 partir de 350 \u20ac<\/p>\n\n\n\n<p class=\"has-text-align-center\">&nbsp;Le cano\u00eb-kayak est \u00e9galement une option id\u00e9ale pour une excursion sur le Bassin. A faire en famille avec les petits et les plus grands, c\u2019est une activit\u00e9 facile d\u2019acc\u00e8s qui vous permet d\u2019accoster n\u2019importe o\u00f9.&nbsp;<\/p>\n\n\n\n<p class=\"has-text-align-center\">Vos excursions peuvent \u00eatre accompagn\u00e9es et comment\u00e9es par des moniteurs, ou plus autonomes.<\/p>\n\n\n\n<p class=\"has-text-align-center\">D\u00e9part du Cap Ferret :&nbsp;<\/p>\n\n\n\n<p class=\"has-text-align-center\">Le cercle nautique : 05 56 60 44 06<\/p>\n\n\n\n<p class=\"has-text-align-center\">La cabane \u00e0 Gliss : 06 66 84 23 35<\/p>\n\n\n\n<p class=\"has-text-align-center\">D\u00e9part de l\u2019Herbe ;&nbsp;<\/p>\n\n\n\n<p class=\"has-text-align-center\">Gliss en Herbe : 07 61 05 67 26\u00a0<\/p>\n\n\n\n<p class=\"has-text-align-center\">\u00a0Amazone Cano\u00eb : sur la rivi\u00e8re de la Leyre : 06 72 76 34 58<\/p>\n","protected":false},"excerpt":{"rendered":"<p>&nbsp;&nbsp; Les promenades en bateau de location sur le bassin sont un incontournable pour d\u00e9couvrir [&hellip;]<\/p>\n","protected":false},"author":1,"featured_media":0,"parent":0,"menu_order":0,"comment_status":"closed","ping_status":"closed","template":"","meta":[],"_links":{"self":[{"href":"https:\/\/cap-ferret-location-maison.com\/index.php\/wp-json\/wp\/v2\/pages\/131"}],"collection":[{"href":"https:\/\/cap-ferret-location-maison.com\/index.php\/wp-json\/wp\/v2\/pages"}],"about":[{"href":"https:\/\/cap-ferret-location-maison.com\/index.php\/wp-json\/wp\/v2\/types\/page"}],"author":[{"embeddable":true,"href":"https:\/\/cap-ferret-location-maison.com\/index.php\/wp-json\/wp\/v2\/users\/1"}],"replies":[{"embeddable":true,"href":"https:\/\/cap-ferret-location-maison.com\/index.php\/wp-json\/wp\/v2\/comments?post=131"}],"version-history":[{"count":5,"href":"https:\/\/cap-ferret-location-maison.com\/index.php\/wp-json\/wp\/v2\/pages\/131\/revisions"}],"predecessor-version":[{"id":8189,"href":"https:\/\/cap-ferret-location-maison.com\/index.php\/wp-json\/wp\/v2\/pages\/131\/revisions\/8189"}],"wp:attachment":[{"href":"https:\/\/cap-ferret-location-maison.com\/index.php\/wp-json\/wp\/v2\/media?parent=131"}],"curies":[{"name":"wp","href":"https:\/\/api.w.org\/{rel}","templated":true}]}}