{"id":275,"date":"2020-11-04T18:29:49","date_gmt":"2020-11-04T17:29:49","guid":{"rendered":"http:\/\/cap-ferret-location-maison.com\/?page_id=275"},"modified":"2023-07-03T16:57:46","modified_gmt":"2023-07-03T14:57:46","slug":"acces","status":"publish","type":"page","link":"https:\/\/cap-ferret-location-maison.com\/index.php\/acces\/","title":{"rendered":"Acc\u00e8s"},"content":{"rendered":"\n<div class=\"wp-block-columns\">\n<div class=\"wp-block-column\">\n<p><strong>Voiture :<\/strong><\/p>\n\n\n\n<p>Depuis l&#8217;une des nombreuses autoroutes menant \u00e0 Bordeaux.<\/p>\n\n\n\n<p>Rejoignez la rocade puis prenez la sortie 10 direction L\u00e8ge-Cap Ferret.<\/p>\n\n\n\n<p>Suivez alors la D213 sur environ 20 km puis la D106 sur 25km jusqu&#8217;\u00e0 la Presqu&#8217;\u00eele du Cap Ferret.<\/p>\n\n\n\n<p>Attention le trafic peut \u00eatre tr\u00e8s dense en arrivant sur la presqu\u2019\u00eele.<\/p>\n\n\n\n<p>N\u00e9anmoins, pas de probl\u00e8me pour se garer, la maison dispose d\u2019une grande all\u00e9e permettant de garer trois voitures.<\/p>\n\n\n\n<p><strong>Train :<\/strong>&nbsp;<\/p>\n\n\n\n<p>Deux solutions depuis Paris :&nbsp;<\/p>\n\n\n\n<p>&nbsp;&nbsp; TGV Gare Montparnasse &#8211; Bordeaux St Jean : 65km jusqu\u2019au Cap Ferret en voiture de location depuis la gare St Jean ou en taxi&nbsp;<\/p>\n\n\n\n<p><em>&nbsp;&nbsp; <\/em>TGV Paris Montparnasse &#8211; Arcachon : 3h\/3h30 (certains TGV directs en 3h)&nbsp;<\/p>\n\n\n\n<p>Travers\u00e9e Arcachon &#8211; Cap Ferret :<\/p>\n\n\n\n<p>&#8211; Via navette maritime UBA de 25\/30 min Arcachon &#8211; Cap Ferret<\/p>\n\n\n\n<figure class=\"wp-block-embed-wordpress wp-block-embed is-type-wp-embed is-provider-union-des-bateliers-arcachonnais\"><div class=\"wp-block-embed__wrapper\">\n<blockquote class=\"wp-embedded-content\" data-secret=\"H8AQCXvoL6\"><a href=\"https:\/\/www.bateliers-arcachon.com\/navettes\/arcachon-cap-ferret\/\">Arcachon  Cap Ferret<\/a><\/blockquote><iframe class=\"wp-embedded-content\" sandbox=\"allow-scripts\" security=\"restricted\" style=\"position: absolute; clip: rect(1px, 1px, 1px, 1px);\" title=\"\u00ab\u00a0Arcachon &lt;-&gt; Cap Ferret\u00a0\u00bb &#8212; Union des Bateliers Arcachonnais\" src=\"https:\/\/www.bateliers-arcachon.com\/navettes\/arcachon-cap-ferret\/embed\/#?secret=H8AQCXvoL6\" data-secret=\"H8AQCXvoL6\" width=\"600\" height=\"338\" frameborder=\"0\" marginwidth=\"0\" marginheight=\"0\" scrolling=\"no\"><\/iframe>\n<\/div><\/figure>\n\n\n\n<p>Puis taxi en 5 min depuis la jet\u00e9e B\u00e9lisaire \u00e0 la maison :&nbsp;<\/p>\n\n\n\n<p>Taxi V Drive : 06 33 00 51 65\u00a0\/ \u00a0Lydia  : 06 11 41 09 78 \/ Didier chauffeur VTC : 06 14 71 54 19<\/p>\n\n\n\n<p>-Via bateau taxi priv\u00e9 :&nbsp;<\/p>\n\n\n\n<p>Bateau taxi Ferret : 06 64 04 04 01<\/p>\n\n\n\n<p>Bateau taxi du Passant : 06 68 08 56 78&nbsp;<\/p>\n\n\n\n<p><strong>&nbsp;Avion :<\/strong><\/p>\n\n\n\n<p>Arriv\u00e9e Bordeaux : a\u00e9roport de M\u00e9rignac : Air France, EasyJet, KLM, British Airways<\/p>\n\n\n\n<p>Co\u00fbt du taxi de l\u2019a\u00e9roport de M\u00e9rignac \u00e0 la maison (65kms) : 110 \u00e0130 euros pour 1\/1h30 en fonction de la circulation,&nbsp; pr\u00e9voir un d\u00e9part minimum 2h\/2h30 avant votre vol au retour.&nbsp;<\/p>\n\n\n\n<p>Taxis M\u00e9rignac. : 05 56 97 11 27 ou Taxis 33 : 05 56 74 95 06 ou Taxis Alliance : 05 56 77 24 24&nbsp;<\/p>\n\n\n\n<p>Location de voiture \u00e0 l\u2019a\u00e9roport de Merignac et \u00e0 la Gare de Bordeaux St Jean :&nbsp;<\/p>\n\n\n\n<p>Avis, EuropCar, Hertz, Sixt<\/p>\n<\/div>\n\n\n\n<div class=\"wp-block-column\">\n<iframe src=\"https:\/\/www.google.com\/maps\/embed?pb=!1m18!1m12!1m3!1d2839.1122028041545!2d-1.2547517490203282!3d44.63562367899732!2m3!1f0!2f0!3f0!3m2!1i1024!2i768!4f13.1!3m3!1m2!1s0xd53617504d7c3ad%3A0x141096e895ec0648!2s6%20All%C3%A9e%20des%20Souchets%2C%2033970%20L%C3%A8ge-Cap-Ferret!5e0!3m2!1sfr!2sfr!4v1608637018134!5m2!1sfr!2sfr\" width=\"600\" height=\"450\" frameborder=\"0\" style=\"border:0;\" allowfullscreen=\"\" aria-hidden=\"false\" tabindex=\"0\"><\/iframe>\n\n\n\n<p><\/p>\n<\/div>\n<\/div>\n\n\n\n<div class=\"wp-block-buttons\">\n<div class=\"wp-block-button\"><a class=\"wp-block-button__link\"><\/a><\/div>\n<\/div>\n\n\n\n<p><\/p>\n","protected":false},"excerpt":{"rendered":"<p>Voiture : Depuis l&#8217;une des nombreuses autoroutes menant \u00e0 Bordeaux. Rejoignez la rocade puis prenez [&hellip;]<\/p>\n","protected":false},"author":1,"featured_media":0,"parent":0,"menu_order":0,"comment_status":"closed","ping_status":"closed","template":"","meta":[],"_links":{"self":[{"href":"https:\/\/cap-ferret-location-maison.com\/index.php\/wp-json\/wp\/v2\/pages\/275"}],"collection":[{"href":"https:\/\/cap-ferret-location-maison.com\/index.php\/wp-json\/wp\/v2\/pages"}],"about":[{"href":"https:\/\/cap-ferret-location-maison.com\/index.php\/wp-json\/wp\/v2\/types\/page"}],"author":[{"embeddable":true,"href":"https:\/\/cap-ferret-location-maison.com\/index.php\/wp-json\/wp\/v2\/users\/1"}],"replies":[{"embeddable":true,"href":"https:\/\/cap-ferret-location-maison.com\/index.php\/wp-json\/wp\/v2\/comments?post=275"}],"version-history":[{"count":10,"href":"https:\/\/cap-ferret-location-maison.com\/index.php\/wp-json\/wp\/v2\/pages\/275\/revisions"}],"predecessor-version":[{"id":8169,"href":"https:\/\/cap-ferret-location-maison.com\/index.php\/wp-json\/wp\/v2\/pages\/275\/revisions\/8169"}],"wp:attachment":[{"href":"https:\/\/cap-ferret-location-maison.com\/index.php\/wp-json\/wp\/v2\/media?parent=275"}],"curies":[{"name":"wp","href":"https:\/\/api.w.org\/{rel}","templated":true}]}}