{"id":302,"date":"2020-11-05T12:04:25","date_gmt":"2020-11-05T11:04:25","guid":{"rendered":"http:\/\/cap-ferret-location-maison.com\/?page_id=302"},"modified":"2023-06-30T10:52:58","modified_gmt":"2023-06-30T08:52:58","slug":"les-tarifs","status":"publish","type":"page","link":"https:\/\/cap-ferret-location-maison.com\/index.php\/les-tarifs\/","title":{"rendered":"Les tarifs"},"content":{"rendered":"\n<p class=\"has-text-align-center\"><strong>Locations saisonni\u00e8res&nbsp;<\/strong><\/p>\n\n\n\n<p class=\"has-text-align-center\">Nos prix varient en fonction des diff\u00e9rentes p\u00e9riodes de l\u2019ann\u00e9e&nbsp;<\/p>\n\n\n\n<p class=\"has-text-align-center\">La maison se loue \u00e0 toute p\u00e9riode de l\u2019ann\u00e9e pour trois nuits minimum. Les locations s\u2019effectuent en g\u00e9n\u00e9ral \u00e0 la quinzaine ou \u00e0 la semaine en haute saison (juillet &#8211; ao\u00fbt) et \u00e0 partir de trois nuits en basse saison.<\/p>\n\n\n\n<p class=\"has-text-align-center\">La piscine chauff\u00e9e est en fonctionnement de mi-avril \u00e0 mi-octobre si les conditions m\u00e9t\u00e9o le permettent.&nbsp;<\/p>\n\n\n\n<p class=\"has-text-align-center\"><strong>Haute saison (juillet &#8211; ao\u00fbt)&nbsp;<\/strong><\/p>\n\n\n\n<p class=\"has-text-align-center\">de 8 000 \u00e0 13 000 euros la semaine&nbsp;<\/p>\n\n\n\n<p class=\"has-text-align-center\"><strong>Basse saison&nbsp;<\/strong><\/p>\n\n\n\n<p class=\"has-text-align-center\">de 4 000 \u00e0 6 000 euros la semaine et \u00e0 partir de 2 200 euros le week-end (3 nuits)\u00a0<\/p>\n\n\n\n<p class=\"has-text-align-center\"><strong>Co\u00fbts suppl\u00e9mentaires&nbsp;<\/strong><\/p>\n\n\n\n<p class=\"has-text-align-center\">En fonction des m\u00e9nages et autres services demand\u00e9s&nbsp;<\/p>\n\n\n\n<figure class=\"wp-block-image alignfull size-large\"><img loading=\"lazy\" width=\"1024\" height=\"299\" src=\"http:\/\/cap-ferret-location-maison.com\/wp-content\/uploads\/2020\/11\/Capture-decran-2020-11-05-a-16.04.33-1024x299.png\" alt=\"\" class=\"wp-image-383\" srcset=\"https:\/\/cap-ferret-location-maison.com\/wp-content\/uploads\/2020\/11\/Capture-decran-2020-11-05-a-16.04.33-1024x299.png 1024w, https:\/\/cap-ferret-location-maison.com\/wp-content\/uploads\/2020\/11\/Capture-decran-2020-11-05-a-16.04.33-300x88.png 300w, https:\/\/cap-ferret-location-maison.com\/wp-content\/uploads\/2020\/11\/Capture-decran-2020-11-05-a-16.04.33-768x225.png 768w, https:\/\/cap-ferret-location-maison.com\/wp-content\/uploads\/2020\/11\/Capture-decran-2020-11-05-a-16.04.33-1536x449.png 1536w, https:\/\/cap-ferret-location-maison.com\/wp-content\/uploads\/2020\/11\/Capture-decran-2020-11-05-a-16.04.33.png 2014w\" sizes=\"(max-width: 1024px) 100vw, 1024px\" \/><\/figure>\n","protected":false},"excerpt":{"rendered":"<p>Locations saisonni\u00e8res&nbsp; Nos prix varient en fonction des diff\u00e9rentes p\u00e9riodes de l\u2019ann\u00e9e&nbsp; La maison se [&hellip;]<\/p>\n","protected":false},"author":1,"featured_media":0,"parent":0,"menu_order":0,"comment_status":"closed","ping_status":"closed","template":"","meta":[],"_links":{"self":[{"href":"https:\/\/cap-ferret-location-maison.com\/index.php\/wp-json\/wp\/v2\/pages\/302"}],"collection":[{"href":"https:\/\/cap-ferret-location-maison.com\/index.php\/wp-json\/wp\/v2\/pages"}],"about":[{"href":"https:\/\/cap-ferret-location-maison.com\/index.php\/wp-json\/wp\/v2\/types\/page"}],"author":[{"embeddable":true,"href":"https:\/\/cap-ferret-location-maison.com\/index.php\/wp-json\/wp\/v2\/users\/1"}],"replies":[{"embeddable":true,"href":"https:\/\/cap-ferret-location-maison.com\/index.php\/wp-json\/wp\/v2\/comments?post=302"}],"version-history":[{"count":7,"href":"https:\/\/cap-ferret-location-maison.com\/index.php\/wp-json\/wp\/v2\/pages\/302\/revisions"}],"predecessor-version":[{"id":8150,"href":"https:\/\/cap-ferret-location-maison.com\/index.php\/wp-json\/wp\/v2\/pages\/302\/revisions\/8150"}],"wp:attachment":[{"href":"https:\/\/cap-ferret-location-maison.com\/index.php\/wp-json\/wp\/v2\/media?parent=302"}],"curies":[{"name":"wp","href":"https:\/\/api.w.org\/{rel}","templated":true}]}}