{"id":419,"date":"2021-01-06T11:41:46","date_gmt":"2021-01-06T10:41:46","guid":{"rendered":"http:\/\/cap-ferret-location-maison.com\/?page_id=419"},"modified":"2023-07-03T17:17:05","modified_gmt":"2023-07-03T15:17:05","slug":"gastronomy","status":"publish","type":"page","link":"https:\/\/cap-ferret-location-maison.com\/index.php\/en\/gastronomy\/","title":{"rendered":"Gastronomy"},"content":{"rendered":"\n<figure class=\"wp-block-image alignfull size-large\"><img loading=\"lazy\" width=\"1024\" height=\"464\" src=\"http:\/\/cap-ferret-location-maison.com\/wp-content\/uploads\/2021\/01\/co_1-1024x464.jpg\" alt=\"\" class=\"wp-image-422\" srcset=\"https:\/\/cap-ferret-location-maison.com\/wp-content\/uploads\/2021\/01\/co_1-1024x464.jpg 1024w, https:\/\/cap-ferret-location-maison.com\/wp-content\/uploads\/2021\/01\/co_1-300x136.jpg 300w, https:\/\/cap-ferret-location-maison.com\/wp-content\/uploads\/2021\/01\/co_1-768x348.jpg 768w, https:\/\/cap-ferret-location-maison.com\/wp-content\/uploads\/2021\/01\/co_1.jpg 1170w\" sizes=\"(max-width: 1024px) 100vw, 1024px\" \/><\/figure>\n\n\n\n<p class=\"has-text-align-center\">If you love oysters, Cap Ferret is a paradise. Among the oyster tasting huts, we particularly like La cabane du Mimbeau which is the closest to the house (1km), Chez Boulan (1.5km) or the Cabane d&#8217;Hortense in Cap<\/p>\n\n\n\n<p class=\"has-text-align-center\">Ferret (1.5 km), or the Canfouine in Canon (10 kms). It is also possible to order oyster trays that are served open on a platter to be tasted at home (price between 7 and 10\u20ac&nbsp;per open dozen).<\/p>\n\n\n\n<p class=\"has-text-align-center\">La Cabane du Mimbeau : 05 56 60 61 67 <\/p>\n\n\n\n<p class=\"has-text-align-center\">Chez Boulan : 05 56 60 77 32<\/p>\n\n\n\n<p class=\"has-text-align-center\"><br>La Cabane d&#8217;Hortense : 05 56 03 26 74 <\/p>\n\n\n\n<p class=\"has-text-align-center\">La Canfouine : 06 64 33 23 85<\/p>\n\n\n\n<p class=\"has-text-align-center\">Among the restaurants of the peninsula and Pyla, we particularly appreciate Chez Hortense, the Sail Fish, trendy and delicious, rather open and lively on weekends and evenings only, the bar des 44 where you can<\/p>\n\n\n\n<p class=\"has-text-align-center\">enjoy excellent tapas in the evening as well as Chez Pierrette at Le Canon, Le Bouchon du Ferret and Mayzou, Java and Le Roc Seven at Cap Ferret, the Wharfzazate and the White Garden at La Vigne, the H\u00f4tel de la Plage (Chez Magne) at l&#8217;Herbe. On the Pyla side, the Co(o)rniche with its breathtaking view on the dune and the benches is not to be missed. Also the brunch every Sunday at the Hotel Ha(a)\u00eftza in Pyla. Finally at the bend of a boat trip the Club PLage Pereire in Arcachon for lunch and a drink (improvised concerts at the end of the day).<\/p>\n\n\n\n<div class=\"wp-block-columns\">\n<div class=\"wp-block-column\">\n<p class=\"has-text-align-center\">Chez Hortense : 05 56 60 62 56<br>Le Sail Fish : 05 56 60 44 84<br>Le Bar des 44 : 05 56 60 35 61<\/p>\n\n\n\n<p class=\"has-text-align-center\"> Chez Pierrette : 05 67 92 60 11<br> Bouchon du Ferret : 05 56 60 67 51<\/p>\n\n\n\n<p class=\"has-text-align-center\">Baci di Peppone : 05 57 17 94 51<\/p>\n\n\n\n<p class=\"has-text-align-center\">Mayzou : 06 04 47 68 62 <\/p>\n<\/div>\n\n\n\n<div class=\"wp-block-column\">\n<p class=\"has-text-align-center\">Le Wharfzazate : 05 56 60 90 18<br>L\u2019H\u00f4tel de la Plage : 05 56 60 50 15 Le White Garden : 05 56 03 68 09<br>La Co(o)rniche : 05 56 22 72 11<br>Club Plage Pereire : 05 57 16 59 13<br>H\u00f4tel Ha(a)\u00eftza : 05 56 22 06 06<\/p>\n\n\n\n<p class=\"has-text-align-center\">Java : 05 56 26 18 35<\/p>\n\n\n\n<p class=\"has-text-align-center\">Roc Seven : 05 56 03 75 74<\/p>\n<\/div>\n<\/div>\n\n\n\n<p class=\"has-text-align-center\">The tea room\/pastry shop Fr\u00e9d\u00e9lian, the ice cream parlour \u00d4 Sorbet d&#8217;Amour, the white dunes of Chez Pascal and Lemoine&#8217;s at the market canel\u00e9s are a must.<\/p>\n\n\n\n<p class=\"has-text-align-center\">Fr\u00e9d\u00e9lian : 05 56 60 60 59<br>O Sorbet of Love : 06 64 98 95 58 <\/p>\n\n\n\n<p class=\"has-text-align-center\">At Pascal : 05 56 60 96 90 <\/p>\n\n\n\n<p class=\"has-text-align-center\">Chez Lemoine : 05 57 70 80 57<\/p>\n","protected":false},"excerpt":{"rendered":"<p>If you love oysters, Cap Ferret is a paradise. Among the oyster tasting huts, we [&hellip;]<\/p>\n","protected":false},"author":1,"featured_media":0,"parent":0,"menu_order":0,"comment_status":"closed","ping_status":"closed","template":"","meta":[],"_links":{"self":[{"href":"https:\/\/cap-ferret-location-maison.com\/index.php\/wp-json\/wp\/v2\/pages\/419"}],"collection":[{"href":"https:\/\/cap-ferret-location-maison.com\/index.php\/wp-json\/wp\/v2\/pages"}],"about":[{"href":"https:\/\/cap-ferret-location-maison.com\/index.php\/wp-json\/wp\/v2\/types\/page"}],"author":[{"embeddable":true,"href":"https:\/\/cap-ferret-location-maison.com\/index.php\/wp-json\/wp\/v2\/users\/1"}],"replies":[{"embeddable":true,"href":"https:\/\/cap-ferret-location-maison.com\/index.php\/wp-json\/wp\/v2\/comments?post=419"}],"version-history":[{"count":13,"href":"https:\/\/cap-ferret-location-maison.com\/index.php\/wp-json\/wp\/v2\/pages\/419\/revisions"}],"predecessor-version":[{"id":8195,"href":"https:\/\/cap-ferret-location-maison.com\/index.php\/wp-json\/wp\/v2\/pages\/419\/revisions\/8195"}],"wp:attachment":[{"href":"https:\/\/cap-ferret-location-maison.com\/index.php\/wp-json\/wp\/v2\/media?parent=419"}],"curies":[{"name":"wp","href":"https:\/\/api.w.org\/{rel}","templated":true}]}}