{"id":55,"date":"2020-11-04T15:13:44","date_gmt":"2020-11-04T14:13:44","guid":{"rendered":"http:\/\/cap-ferret-location-maison.com\/?page_id=55"},"modified":"2023-06-30T12:38:35","modified_gmt":"2023-06-30T10:38:35","slug":"gastronomie","status":"publish","type":"page","link":"https:\/\/cap-ferret-location-maison.com\/index.php\/gastronomie\/","title":{"rendered":"Gastronomie"},"content":{"rendered":"\n<figure class=\"wp-block-image alignfull size-large\"><img loading=\"lazy\" width=\"1024\" height=\"464\" src=\"http:\/\/cap-ferret-location-maison.com\/wp-content\/uploads\/2020\/11\/co_1-1024x464.jpg\" alt=\"\" class=\"wp-image-105\" srcset=\"https:\/\/cap-ferret-location-maison.com\/wp-content\/uploads\/2020\/11\/co_1-1024x464.jpg 1024w, https:\/\/cap-ferret-location-maison.com\/wp-content\/uploads\/2020\/11\/co_1-300x136.jpg 300w, https:\/\/cap-ferret-location-maison.com\/wp-content\/uploads\/2020\/11\/co_1-768x348.jpg 768w, https:\/\/cap-ferret-location-maison.com\/wp-content\/uploads\/2020\/11\/co_1.jpg 1170w\" sizes=\"(max-width: 1024px) 100vw, 1024px\" \/><\/figure>\n\n\n\n<p class=\"has-text-align-center\">\u00a0 Si vous \u00eates amateurs d&#8217;hu\u00eetres, le Cap Ferret est un paradis. Parmi les cabanes de d\u00e9gustation d&#8217;hu\u00eetres, nous aimons tout particuli\u00e8rement La cabane du Mimbeau qui est la plus proche de la maison (1km), Chez Boulan (1,5km) ou la Cabane d&#8217;Hortense au Cap Ferret (1,5 km), ou bien la Canfouine au Canon (10 kms). Il est \u00e9galement possible de commander des plateaux d&#8217;hu\u00eetres qui sont servies ouvertes sur plateau afin de les d\u00e9guster \u00e0 la maison (prix entre 8 et 12\u20ac la douzaine ouverte).<\/p>\n\n\n\n<p class=\"has-text-align-center\">La Cabane du Mimbeau : 05 56 60 61 67<\/p>\n\n\n\n<p class=\"has-text-align-center\">Chez Boulan : 05 56 60 77 32<\/p>\n\n\n\n<p class=\"has-text-align-center\">La Cabane d\u2019Hortense : 05 56 03 26 74<\/p>\n\n\n\n<p class=\"has-text-align-center\">La Canfouine : 06 64 33 23 85<\/p>\n\n\n\n<p class=\"has-text-align-center\">La Kabane : 05 56 60 65 42<\/p>\n\n\n\n<p class=\"has-text-align-center\">&nbsp;&nbsp; Parmi les restaurants de la presqu\u2019\u00eele et du Pyla, nous appr\u00e9cions tout particuli\u00e8rement Chez Hortense, le Sail Fish, branch\u00e9 et d\u00e9licieux, plut\u00f4t ouvert et anim\u00e9 le weekend et le soir uniquement, Le bar des 44 o\u00f9 l&#8217;on peut d\u00e9guster le soir d&#8217;excellents tapas ainsi que Chez Pierrette au Canon, Le Bouchon du Ferret et Java au Cap Ferret, le Wharfzazate et le White Garden \u00e0 La Vigne, l\u2019H\u00f4tel de la Plage (Chez Magne) \u00e0 l\u2019Herbe. C\u00f4t\u00e9 Pyla, la Co(o)rniche avec sa vue \u00e9poustouflante sur la dune et les bancs est \u00e0 ne pas manquer. De m\u00eame le brunch chaque dimanche \u00e0 l\u2019H\u00f4tel Ha(a)\u00eftza au Pyla. Enfin au d\u00e9tour d\u2019une balade en bateau le Club Plage Pereire \u00e0 Arcachon pour d\u00e9jeuner et boire un verre (concerts improvis\u00e9s en fin de journ\u00e9e).&nbsp;<\/p>\n\n\n\n<div class=\"wp-block-columns\">\n<div class=\"wp-block-column\">\n<p class=\"has-text-align-center\">Chez Hortense : 05 56 60 62 56<\/p>\n\n\n\n<p class=\"has-text-align-center\">Le Sail Fish : 05 56 60 44 84&nbsp;<\/p>\n\n\n\n<p class=\"has-text-align-center\">Le Bar des 44 : 05 56 60 35 61<\/p>\n\n\n\n<p class=\"has-text-align-center\">Chez Pierrette : 05 67 92 60 11<\/p>\n\n\n\n<p class=\"has-text-align-center\">Bouchon du Ferret : 05 56 60 67 51<\/p>\n\n\n\n<p class=\"has-text-align-center\">Baci di Peppone : 05 57 17 94 51<\/p>\n\n\n\n<p class=\"has-text-align-center\">Mayzou : 06 04 47 68 62 <\/p>\n\n\n\n<p class=\"has-text-align-center\">Java : 05 56 26 18 35<\/p>\n<\/div>\n\n\n\n<div class=\"wp-block-column\">\n<p class=\"has-text-align-center\">Le Wharfzazate : 05 56 60 90 18<\/p>\n\n\n\n<p class=\"has-text-align-center\">L\u2019H\u00f4tel de la Plage ( Chez Magne ) : 05 56 60 50 15<\/p>\n\n\n\n<p class=\"has-text-align-center\">Roc Seven : 05 56 03 75 74<\/p>\n\n\n\n<p class=\"has-text-align-center\">Le White Garden : 05 56 03 68 09<\/p>\n\n\n\n<p class=\"has-text-align-center\">La Co(o)rniche : 05 56 22 72 11<\/p>\n\n\n\n<p class=\"has-text-align-center\">Club Plage Pereire : 05 57 16 59 13<\/p>\n\n\n\n<p class=\"has-text-align-center\">H\u00f4tel Ha(a)\u00eftza : 05 56 22 06 06<\/p>\n<\/div>\n<\/div>\n\n\n\n<p class=\"has-text-align-center\">Le salon de th\u00e9\/p\u00e2tisserie Fr\u00e9d\u00e9lian , le glacier \u00d4 Sorbet d\u2019Amour,&nbsp;<\/p>\n\n\n\n<p class=\"has-text-align-center\">les dunes blanches de Chez Pascal et les canel\u00e9s de Lemoine place du march\u00e9 sont des incontournables.<\/p>\n\n\n\n<p class=\"has-text-align-center\">Fr\u00e9d\u00e9lian : 05 56 60 60 59<\/p>\n\n\n\n<p class=\"has-text-align-center\">\u00d4 Sorbet d\u2019Amour : 06 64 98 95 58<\/p>\n\n\n\n<p class=\"has-text-align-center\">Chez Pascal : 05 56 60 96 90<\/p>\n\n\n\n<p class=\"has-text-align-center\">Lemoine : 05 57 70 80 57<\/p>\n","protected":false},"excerpt":{"rendered":"<p>\u00a0 Si vous \u00eates amateurs d&#8217;hu\u00eetres, le Cap Ferret est un paradis. Parmi les cabanes [&hellip;]<\/p>\n","protected":false},"author":1,"featured_media":0,"parent":0,"menu_order":0,"comment_status":"closed","ping_status":"closed","template":"","meta":[],"_links":{"self":[{"href":"https:\/\/cap-ferret-location-maison.com\/index.php\/wp-json\/wp\/v2\/pages\/55"}],"collection":[{"href":"https:\/\/cap-ferret-location-maison.com\/index.php\/wp-json\/wp\/v2\/pages"}],"about":[{"href":"https:\/\/cap-ferret-location-maison.com\/index.php\/wp-json\/wp\/v2\/types\/page"}],"author":[{"embeddable":true,"href":"https:\/\/cap-ferret-location-maison.com\/index.php\/wp-json\/wp\/v2\/users\/1"}],"replies":[{"embeddable":true,"href":"https:\/\/cap-ferret-location-maison.com\/index.php\/wp-json\/wp\/v2\/comments?post=55"}],"version-history":[{"count":15,"href":"https:\/\/cap-ferret-location-maison.com\/index.php\/wp-json\/wp\/v2\/pages\/55\/revisions"}],"predecessor-version":[{"id":8159,"href":"https:\/\/cap-ferret-location-maison.com\/index.php\/wp-json\/wp\/v2\/pages\/55\/revisions\/8159"}],"wp:attachment":[{"href":"https:\/\/cap-ferret-location-maison.com\/index.php\/wp-json\/wp\/v2\/media?parent=55"}],"curies":[{"name":"wp","href":"https:\/\/api.w.org\/{rel}","templated":true}]}}