{"id":67,"date":"2020-11-04T15:16:26","date_gmt":"2020-11-04T14:16:26","guid":{"rendered":"http:\/\/cap-ferret-location-maison.com\/?page_id=67"},"modified":"2021-01-06T13:47:27","modified_gmt":"2021-01-06T12:47:27","slug":"le-cap-ferret","status":"publish","type":"page","link":"https:\/\/cap-ferret-location-maison.com\/index.php\/le-cap-ferret\/","title":{"rendered":"Le Cap Ferret"},"content":{"rendered":"\n<p><em>Hier&#8230;<\/em><\/p>\n\n\n\n<div class=\"wp-block-columns\">\n<div class=\"wp-block-column\" style=\"flex-basis:33.33%\">\n<p>Jusqu\u2019en 1850, le Cap Ferret \u00e9tait essentiellement un village de p\u00eacheurs et de chasseurs saisonniers qui venaient de l\u2019autre cot\u00e9 du bassin. Ces habitants \u00e9taient coup\u00e9s du monde car la route qui relie la presqu\u2019ile \u00e0 L\u00e8ge n\u2019existait pas. C\u2019est \u00e0 partir de 1860, que la culture ostr\u00e9icole du bassin a vu le jour et a men\u00e9 \u00e0 la construction des cabanes ostr\u00e9icoles afin de r\u00e9pondre \u00e0 la demande d\u2019hu\u00eetres grandissante. C\u2019est quarante ans apr\u00e8s, suite \u00e0 une vente aux ench\u00e8res que le quartier tr\u00e8s sauvage des 44-Hectares voit arriver de nouveaux habitants. Au fur et \u00e0 mesure, les 493 hectares constituant le Cap Ferret d\u2019aujourd\u2019hui sont vendus, la route reliant la pointe au fond du bassin est am\u00e9nag\u00e9e. Commence alors le d\u00e9veloppement de notre presqu\u2019\u00eele pr\u00e9f\u00e9r\u00e9e. En 1950, les bordelais d\u00e9couvrent peu \u00e0 peu le charme,&nbsp; le calme et l\u2019authenticit\u00e9 du bassin et de la presqu\u2019ile et viennent s\u2019y installer par la route nouvellement construite.&nbsp;<\/p>\n\n\n\n<p>Depuis lors, le tourisme se d\u00e9veloppe harmonieusement au Cap Ferret \u00e0 la faveur de la liaison maritime depuis la jet\u00e9e Thiers d\u2019Arcachon. Tous les visiteurs sont sous les charme du Cap Ferret de la lumi\u00e8re du Bassin, de ses villages ostr\u00e9icoles et de ses plages oc\u00e9anes \u00e0 perte de vue.&nbsp;<\/p>\n<\/div>\n\n\n\n<div class=\"wp-block-column\" style=\"flex-basis:66.66%\">\n<figure class=\"wp-block-gallery columns-1 is-cropped\"><ul class=\"blocks-gallery-grid\"><li class=\"blocks-gallery-item\"><figure><img loading=\"lazy\" width=\"1000\" height=\"715\" src=\"http:\/\/cap-ferret-location-maison.com\/wp-content\/uploads\/2020\/11\/la-pointe-du-cap-ferret-1970.jpg\" alt=\"\" data-id=\"83\" data-full-url=\"http:\/\/cap-ferret-location-maison.com\/wp-content\/uploads\/2020\/11\/la-pointe-du-cap-ferret-1970.jpg\" data-link=\"http:\/\/cap-ferret-location-maison.com\/index.php\/le-cap-ferret\/la-pointe-du-cap-ferret-1970\/\" class=\"wp-image-83\" srcset=\"https:\/\/cap-ferret-location-maison.com\/wp-content\/uploads\/2020\/11\/la-pointe-du-cap-ferret-1970.jpg 1000w, https:\/\/cap-ferret-location-maison.com\/wp-content\/uploads\/2020\/11\/la-pointe-du-cap-ferret-1970-300x215.jpg 300w, https:\/\/cap-ferret-location-maison.com\/wp-content\/uploads\/2020\/11\/la-pointe-du-cap-ferret-1970-768x549.jpg 768w\" sizes=\"(max-width: 1000px) 100vw, 1000px\" \/><\/figure><\/li><\/ul><\/figure>\n\n\n\n<figure class=\"wp-block-gallery columns-3 is-cropped\"><ul class=\"blocks-gallery-grid\"><li class=\"blocks-gallery-item\"><figure><img loading=\"lazy\" width=\"1000\" height=\"651\" src=\"http:\/\/cap-ferret-location-maison.com\/wp-content\/uploads\/2020\/11\/le-port-du-four-claouey.jpg\" alt=\"\" data-id=\"84\" data-link=\"http:\/\/cap-ferret-location-maison.com\/index.php\/le-cap-ferret\/le-port-du-four-claouey\/\" class=\"wp-image-84\" srcset=\"https:\/\/cap-ferret-location-maison.com\/wp-content\/uploads\/2020\/11\/le-port-du-four-claouey.jpg 1000w, https:\/\/cap-ferret-location-maison.com\/wp-content\/uploads\/2020\/11\/le-port-du-four-claouey-300x195.jpg 300w, https:\/\/cap-ferret-location-maison.com\/wp-content\/uploads\/2020\/11\/le-port-du-four-claouey-768x500.jpg 768w\" sizes=\"(max-width: 1000px) 100vw, 1000px\" \/><\/figure><\/li><li class=\"blocks-gallery-item\"><figure><img loading=\"lazy\" width=\"1000\" height=\"652\" src=\"http:\/\/cap-ferret-location-maison.com\/wp-content\/uploads\/2020\/11\/villas-et-phare-de-belisaire-cap-ferret-1.jpg\" alt=\"\" data-id=\"85\" data-link=\"http:\/\/cap-ferret-location-maison.com\/index.php\/le-cap-ferret\/villas-et-phare-de-belisaire-cap-ferret-1\/\" class=\"wp-image-85\" srcset=\"https:\/\/cap-ferret-location-maison.com\/wp-content\/uploads\/2020\/11\/villas-et-phare-de-belisaire-cap-ferret-1.jpg 1000w, https:\/\/cap-ferret-location-maison.com\/wp-content\/uploads\/2020\/11\/villas-et-phare-de-belisaire-cap-ferret-1-300x196.jpg 300w, https:\/\/cap-ferret-location-maison.com\/wp-content\/uploads\/2020\/11\/villas-et-phare-de-belisaire-cap-ferret-1-768x501.jpg 768w\" sizes=\"(max-width: 1000px) 100vw, 1000px\" \/><\/figure><\/li><li class=\"blocks-gallery-item\"><figure><img loading=\"lazy\" width=\"1000\" height=\"667\" src=\"http:\/\/cap-ferret-location-maison.com\/wp-content\/uploads\/2020\/11\/villa-phuanoise-et-phare-cap-ferret.jpg\" alt=\"\" data-id=\"87\" data-link=\"http:\/\/cap-ferret-location-maison.com\/index.php\/le-cap-ferret\/villa-phuanoise-et-phare-cap-ferret\/\" class=\"wp-image-87\" srcset=\"https:\/\/cap-ferret-location-maison.com\/wp-content\/uploads\/2020\/11\/villa-phuanoise-et-phare-cap-ferret.jpg 1000w, https:\/\/cap-ferret-location-maison.com\/wp-content\/uploads\/2020\/11\/villa-phuanoise-et-phare-cap-ferret-300x200.jpg 300w, https:\/\/cap-ferret-location-maison.com\/wp-content\/uploads\/2020\/11\/villa-phuanoise-et-phare-cap-ferret-768x512.jpg 768w\" sizes=\"(max-width: 1000px) 100vw, 1000px\" \/><\/figure><\/li><li class=\"blocks-gallery-item\"><figure><img loading=\"lazy\" width=\"1000\" height=\"722\" src=\"http:\/\/cap-ferret-location-maison.com\/wp-content\/uploads\/2020\/11\/vvf-de-claouey-ferret-d-avant.jpg\" alt=\"\" data-id=\"89\" data-link=\"http:\/\/cap-ferret-location-maison.com\/index.php\/le-cap-ferret\/vvf-de-claouey-ferret-d-avant\/\" class=\"wp-image-89\" srcset=\"https:\/\/cap-ferret-location-maison.com\/wp-content\/uploads\/2020\/11\/vvf-de-claouey-ferret-d-avant.jpg 1000w, https:\/\/cap-ferret-location-maison.com\/wp-content\/uploads\/2020\/11\/vvf-de-claouey-ferret-d-avant-300x217.jpg 300w, https:\/\/cap-ferret-location-maison.com\/wp-content\/uploads\/2020\/11\/vvf-de-claouey-ferret-d-avant-768x554.jpg 768w\" sizes=\"(max-width: 1000px) 100vw, 1000px\" \/><\/figure><\/li><li class=\"blocks-gallery-item\"><figure><img loading=\"lazy\" width=\"1024\" height=\"747\" src=\"http:\/\/cap-ferret-location-maison.com\/wp-content\/uploads\/2020\/11\/la-plage-du-centre-cap-ferret-fda-1024x747.jpg\" alt=\"\" data-id=\"90\" data-link=\"http:\/\/cap-ferret-location-maison.com\/index.php\/le-cap-ferret\/la-plage-du-centre-cap-ferret-fda\/\" class=\"wp-image-90\" srcset=\"https:\/\/cap-ferret-location-maison.com\/wp-content\/uploads\/2020\/11\/la-plage-du-centre-cap-ferret-fda-1024x747.jpg 1024w, https:\/\/cap-ferret-location-maison.com\/wp-content\/uploads\/2020\/11\/la-plage-du-centre-cap-ferret-fda-300x219.jpg 300w, https:\/\/cap-ferret-location-maison.com\/wp-content\/uploads\/2020\/11\/la-plage-du-centre-cap-ferret-fda-768x560.jpg 768w, https:\/\/cap-ferret-location-maison.com\/wp-content\/uploads\/2020\/11\/la-plage-du-centre-cap-ferret-fda.jpg 1200w\" sizes=\"(max-width: 1024px) 100vw, 1024px\" \/><\/figure><\/li><li class=\"blocks-gallery-item\"><figure><img loading=\"lazy\" width=\"1000\" height=\"653\" src=\"http:\/\/cap-ferret-location-maison.com\/wp-content\/uploads\/2020\/11\/plage-et-villa-bout-du-monde-les-jacquets.jpg\" alt=\"\" data-id=\"91\" data-link=\"http:\/\/cap-ferret-location-maison.com\/index.php\/le-cap-ferret\/plage-et-villa-bout-du-monde-les-jacquets\/\" class=\"wp-image-91\" srcset=\"https:\/\/cap-ferret-location-maison.com\/wp-content\/uploads\/2020\/11\/plage-et-villa-bout-du-monde-les-jacquets.jpg 1000w, https:\/\/cap-ferret-location-maison.com\/wp-content\/uploads\/2020\/11\/plage-et-villa-bout-du-monde-les-jacquets-300x196.jpg 300w, https:\/\/cap-ferret-location-maison.com\/wp-content\/uploads\/2020\/11\/plage-et-villa-bout-du-monde-les-jacquets-768x502.jpg 768w\" sizes=\"(max-width: 1000px) 100vw, 1000px\" \/><\/figure><\/li><li class=\"blocks-gallery-item\"><figure><img loading=\"lazy\" width=\"1000\" height=\"680\" src=\"http:\/\/cap-ferret-location-maison.com\/wp-content\/uploads\/2020\/11\/parcs-a-huitres-a-maree-basse-cap-ferret.jpg\" alt=\"\" data-id=\"92\" data-full-url=\"http:\/\/cap-ferret-location-maison.com\/wp-content\/uploads\/2020\/11\/parcs-a-huitres-a-maree-basse-cap-ferret.jpg\" data-link=\"http:\/\/cap-ferret-location-maison.com\/index.php\/le-cap-ferret\/parcs-a-huitres-a-maree-basse-cap-ferret\/\" class=\"wp-image-92\" srcset=\"https:\/\/cap-ferret-location-maison.com\/wp-content\/uploads\/2020\/11\/parcs-a-huitres-a-maree-basse-cap-ferret.jpg 1000w, https:\/\/cap-ferret-location-maison.com\/wp-content\/uploads\/2020\/11\/parcs-a-huitres-a-maree-basse-cap-ferret-300x204.jpg 300w, https:\/\/cap-ferret-location-maison.com\/wp-content\/uploads\/2020\/11\/parcs-a-huitres-a-maree-basse-cap-ferret-768x522.jpg 768w\" sizes=\"(max-width: 1000px) 100vw, 1000px\" \/><\/figure><\/li><\/ul><\/figure>\n\n\n\n<p><\/p>\n<\/div>\n<\/div>\n\n\n\n<p>&#8230;<em>Aujourd&#8217;hui<\/em><\/p>\n\n\n\n<div class=\"wp-block-group\"><div class=\"wp-block-group__inner-container\">\n<figure class=\"wp-block-gallery columns-3 is-cropped\"><ul class=\"blocks-gallery-grid\"><li class=\"blocks-gallery-item\"><figure><img loading=\"lazy\" width=\"1024\" height=\"608\" src=\"http:\/\/cap-ferret-location-maison.com\/wp-content\/uploads\/2020\/11\/au-rythme-des-marees-le-bassin-prend-la-forme-d-une-petite-mer-interieure-ouverte-sur-le-grand-ocean-photo-sdr-1571987521-1024x608.jpg\" alt=\"\" data-id=\"255\" data-link=\"http:\/\/cap-ferret-location-maison.com\/index.php\/le-cap-ferret\/au-rythme-des-marees-le-bassin-prend-la-forme-d-une-petite-mer-interieure-ouverte-sur-le-grand-ocean-photo-sdr-1571987521\/\" class=\"wp-image-255\" srcset=\"https:\/\/cap-ferret-location-maison.com\/wp-content\/uploads\/2020\/11\/au-rythme-des-marees-le-bassin-prend-la-forme-d-une-petite-mer-interieure-ouverte-sur-le-grand-ocean-photo-sdr-1571987521-1024x608.jpg 1024w, https:\/\/cap-ferret-location-maison.com\/wp-content\/uploads\/2020\/11\/au-rythme-des-marees-le-bassin-prend-la-forme-d-une-petite-mer-interieure-ouverte-sur-le-grand-ocean-photo-sdr-1571987521-300x178.jpg 300w, https:\/\/cap-ferret-location-maison.com\/wp-content\/uploads\/2020\/11\/au-rythme-des-marees-le-bassin-prend-la-forme-d-une-petite-mer-interieure-ouverte-sur-le-grand-ocean-photo-sdr-1571987521-768x456.jpg 768w, https:\/\/cap-ferret-location-maison.com\/wp-content\/uploads\/2020\/11\/au-rythme-des-marees-le-bassin-prend-la-forme-d-une-petite-mer-interieure-ouverte-sur-le-grand-ocean-photo-sdr-1571987521.jpg 1526w\" sizes=\"(max-width: 1024px) 100vw, 1024px\" \/><figcaption class=\"blocks-gallery-item__caption\">Les bancs d&#8217;Arguin<\/figcaption><\/figure><\/li><li class=\"blocks-gallery-item\"><figure><img loading=\"lazy\" width=\"1000\" height=\"665\" src=\"http:\/\/cap-ferret-location-maison.com\/wp-content\/uploads\/2020\/11\/3-4.jpg\" alt=\"\" data-id=\"254\" data-link=\"http:\/\/cap-ferret-location-maison.com\/index.php\/le-cap-ferret\/3-4\/\" class=\"wp-image-254\" srcset=\"https:\/\/cap-ferret-location-maison.com\/wp-content\/uploads\/2020\/11\/3-4.jpg 1000w, https:\/\/cap-ferret-location-maison.com\/wp-content\/uploads\/2020\/11\/3-4-300x200.jpg 300w, https:\/\/cap-ferret-location-maison.com\/wp-content\/uploads\/2020\/11\/3-4-768x511.jpg 768w\" sizes=\"(max-width: 1000px) 100vw, 1000px\" \/><figcaption class=\"blocks-gallery-item__caption\"><em>Les bancs d&#8217;Arguin<\/em><\/figcaption><\/figure><\/li><li class=\"blocks-gallery-item\"><figure><img loading=\"lazy\" width=\"1024\" height=\"1024\" src=\"http:\/\/cap-ferret-location-maison.com\/wp-content\/uploads\/2020\/11\/5edf8b17e513a_000_18509g-4479961-1024x1024.jpg\" alt=\"\" data-id=\"257\" data-link=\"http:\/\/cap-ferret-location-maison.com\/index.php\/le-cap-ferret\/5edf8b17e513a_000_18509g-4479961\/\" class=\"wp-image-257\" srcset=\"https:\/\/cap-ferret-location-maison.com\/wp-content\/uploads\/2020\/11\/5edf8b17e513a_000_18509g-4479961-1024x1024.jpg 1024w, https:\/\/cap-ferret-location-maison.com\/wp-content\/uploads\/2020\/11\/5edf8b17e513a_000_18509g-4479961-300x300.jpg 300w, https:\/\/cap-ferret-location-maison.com\/wp-content\/uploads\/2020\/11\/5edf8b17e513a_000_18509g-4479961-150x150.jpg 150w, https:\/\/cap-ferret-location-maison.com\/wp-content\/uploads\/2020\/11\/5edf8b17e513a_000_18509g-4479961-768x768.jpg 768w, https:\/\/cap-ferret-location-maison.com\/wp-content\/uploads\/2020\/11\/5edf8b17e513a_000_18509g-4479961.jpg 1200w\" sizes=\"(max-width: 1024px) 100vw, 1024px\" \/><figcaption class=\"blocks-gallery-item__caption\"><em>Les bancs d&#8217;Arguin<\/em><\/figcaption><\/figure><\/li><li class=\"blocks-gallery-item\"><figure><img loading=\"lazy\" width=\"1024\" height=\"448\" src=\"http:\/\/cap-ferret-location-maison.com\/wp-content\/uploads\/2020\/11\/dune-du-pilat-1024x448.jpg\" alt=\"\" data-id=\"256\" data-link=\"http:\/\/cap-ferret-location-maison.com\/index.php\/le-cap-ferret\/dune-du-pilat\/\" class=\"wp-image-256\" srcset=\"https:\/\/cap-ferret-location-maison.com\/wp-content\/uploads\/2020\/11\/dune-du-pilat-1024x448.jpg 1024w, https:\/\/cap-ferret-location-maison.com\/wp-content\/uploads\/2020\/11\/dune-du-pilat-300x131.jpg 300w, https:\/\/cap-ferret-location-maison.com\/wp-content\/uploads\/2020\/11\/dune-du-pilat-768x336.jpg 768w, https:\/\/cap-ferret-location-maison.com\/wp-content\/uploads\/2020\/11\/dune-du-pilat-1536x672.jpg 1536w, https:\/\/cap-ferret-location-maison.com\/wp-content\/uploads\/2020\/11\/dune-du-pilat.jpg 1600w\" sizes=\"(max-width: 1024px) 100vw, 1024px\" \/><figcaption class=\"blocks-gallery-item__caption\">La dune du Pyla<\/figcaption><\/figure><\/li><li class=\"blocks-gallery-item\"><figure><img loading=\"lazy\" width=\"473\" height=\"631\" src=\"http:\/\/cap-ferret-location-maison.com\/wp-content\/uploads\/2020\/11\/ebd41062570e86576076476defc40f7e.jpg\" alt=\"\" data-id=\"258\" data-link=\"http:\/\/cap-ferret-location-maison.com\/index.php\/le-cap-ferret\/ebd41062570e86576076476defc40f7e\/\" class=\"wp-image-258\" srcset=\"https:\/\/cap-ferret-location-maison.com\/wp-content\/uploads\/2020\/11\/ebd41062570e86576076476defc40f7e.jpg 473w, https:\/\/cap-ferret-location-maison.com\/wp-content\/uploads\/2020\/11\/ebd41062570e86576076476defc40f7e-225x300.jpg 225w\" sizes=\"(max-width: 473px) 100vw, 473px\" \/><figcaption class=\"blocks-gallery-item__caption\"><em>La dune du Pyla<\/em><\/figcaption><\/figure><\/li><li class=\"blocks-gallery-item\"><figure><img loading=\"lazy\" width=\"683\" height=\"1024\" src=\"http:\/\/cap-ferret-location-maison.com\/wp-content\/uploads\/2020\/11\/Escapade-Bassin-Arcachon-01-Automobelle-\u00a9-Brigitte-Ruiz08-683x1024.jpg\" alt=\"\" data-id=\"262\" data-link=\"http:\/\/cap-ferret-location-maison.com\/index.php\/le-cap-ferret\/escapade-bassin-arcachon-01-automobelle-brigitte-ruiz08\/\" class=\"wp-image-262\" srcset=\"https:\/\/cap-ferret-location-maison.com\/wp-content\/uploads\/2020\/11\/Escapade-Bassin-Arcachon-01-Automobelle-\u00a9-Brigitte-Ruiz08-683x1024.jpg 683w, https:\/\/cap-ferret-location-maison.com\/wp-content\/uploads\/2020\/11\/Escapade-Bassin-Arcachon-01-Automobelle-\u00a9-Brigitte-Ruiz08-200x300.jpg 200w, https:\/\/cap-ferret-location-maison.com\/wp-content\/uploads\/2020\/11\/Escapade-Bassin-Arcachon-01-Automobelle-\u00a9-Brigitte-Ruiz08-768x1152.jpg 768w, https:\/\/cap-ferret-location-maison.com\/wp-content\/uploads\/2020\/11\/Escapade-Bassin-Arcachon-01-Automobelle-\u00a9-Brigitte-Ruiz08-1024x1536.jpg 1024w, https:\/\/cap-ferret-location-maison.com\/wp-content\/uploads\/2020\/11\/Escapade-Bassin-Arcachon-01-Automobelle-\u00a9-Brigitte-Ruiz08.jpg 1050w\" sizes=\"(max-width: 683px) 100vw, 683px\" \/><figcaption class=\"blocks-gallery-item__caption\">Les cabanes tchanqu\u00e9es<\/figcaption><\/figure><\/li><li class=\"blocks-gallery-item\"><figure><img loading=\"lazy\" width=\"1024\" height=\"683\" src=\"http:\/\/cap-ferret-location-maison.com\/wp-content\/uploads\/2020\/11\/Pinasse-bassin-Arcachon-byRundvald-1024x683.jpg\" alt=\"\" data-id=\"263\" data-full-url=\"http:\/\/cap-ferret-location-maison.com\/wp-content\/uploads\/2020\/11\/Pinasse-bassin-Arcachon-byRundvald-scaled.jpg\" data-link=\"http:\/\/cap-ferret-location-maison.com\/index.php\/le-cap-ferret\/pinasse-bassin-arcachon-byrundvald\/\" class=\"wp-image-263\" srcset=\"https:\/\/cap-ferret-location-maison.com\/wp-content\/uploads\/2020\/11\/Pinasse-bassin-Arcachon-byRundvald-1024x683.jpg 1024w, https:\/\/cap-ferret-location-maison.com\/wp-content\/uploads\/2020\/11\/Pinasse-bassin-Arcachon-byRundvald-300x200.jpg 300w, https:\/\/cap-ferret-location-maison.com\/wp-content\/uploads\/2020\/11\/Pinasse-bassin-Arcachon-byRundvald-768x512.jpg 768w, https:\/\/cap-ferret-location-maison.com\/wp-content\/uploads\/2020\/11\/Pinasse-bassin-Arcachon-byRundvald-1536x1024.jpg 1536w, https:\/\/cap-ferret-location-maison.com\/wp-content\/uploads\/2020\/11\/Pinasse-bassin-Arcachon-byRundvald-2048x1365.jpg 2048w\" sizes=\"(max-width: 1024px) 100vw, 1024px\" \/><figcaption class=\"blocks-gallery-item__caption\">Une pinasse, bateau typique du bassin<\/figcaption><\/figure><\/li><\/ul><\/figure>\n<\/div><\/div>\n","protected":false},"excerpt":{"rendered":"<p>Hier&#8230; Jusqu\u2019en 1850, le Cap Ferret \u00e9tait essentiellement un village de p\u00eacheurs et de chasseurs [&hellip;]<\/p>\n","protected":false},"author":1,"featured_media":0,"parent":0,"menu_order":0,"comment_status":"open","ping_status":"closed","template":"","meta":[],"_links":{"self":[{"href":"https:\/\/cap-ferret-location-maison.com\/index.php\/wp-json\/wp\/v2\/pages\/67"}],"collection":[{"href":"https:\/\/cap-ferret-location-maison.com\/index.php\/wp-json\/wp\/v2\/pages"}],"about":[{"href":"https:\/\/cap-ferret-location-maison.com\/index.php\/wp-json\/wp\/v2\/types\/page"}],"author":[{"embeddable":true,"href":"https:\/\/cap-ferret-location-maison.com\/index.php\/wp-json\/wp\/v2\/users\/1"}],"replies":[{"embeddable":true,"href":"https:\/\/cap-ferret-location-maison.com\/index.php\/wp-json\/wp\/v2\/comments?post=67"}],"version-history":[{"count":11,"href":"https:\/\/cap-ferret-location-maison.com\/index.php\/wp-json\/wp\/v2\/pages\/67\/revisions"}],"predecessor-version":[{"id":399,"href":"https:\/\/cap-ferret-location-maison.com\/index.php\/wp-json\/wp\/v2\/pages\/67\/revisions\/399"}],"wp:attachment":[{"href":"https:\/\/cap-ferret-location-maison.com\/index.php\/wp-json\/wp\/v2\/media?parent=67"}],"curies":[{"name":"wp","href":"https:\/\/api.w.org\/{rel}","templated":true}]}}